{"id":7,"date":"2020-12-31T07:22:30","date_gmt":"2020-12-31T06:22:30","guid":{"rendered":"http:\/\/pb-web.s.nqn.cc\/es\/home\/faq\/"},"modified":"2023-12-11T15:16:28","modified_gmt":"2023-12-11T14:16:28","slug":"faq","status":"publish","type":"page","link":"https:\/\/www.probooking.de\/es\/home\/faq\/","title":{"rendered":"FAQ"},"content":{"rendered":"\n<div style=\"height:120px\" aria-hidden=\"true\" class=\"wp-block-spacer d-lg-none\"><\/div>\n\n\n\n<h2 class=\"has-text-align-center has-large-font-size\">PREGUNTAS FRECUENTES<\/h2>\n\n\n\n<p class=\"has-text-align-center d-lg-none\">puede encontrar m\u00e1s preguntas <a style=\"color:#00CAFD\" href=\"https:\/\/www.probooking.de\/es\/home\/faq\/\" data-type=\"page\" data-id=\"7\">aqu\u00ed<\/a><\/p>\n\n\n\n<p class=\"has-text-align-center d-none d-lg-block has-medium-font-size\">puede encontrar m\u00e1s preguntas <a style=\"color:#00CAFD\" href=\"https:\/\/probooking.de\/es\/preguntas-frecuentes\/\" data-type=\"page\" data-id=\"277\">aqu\u00ed<\/a><\/p>\n\n\n\n<div style=\"height:35px\" aria-hidden=\"true\" class=\"wp-block-spacer d-none d-lg-block\"><\/div>\n\n\n\n<div style=\"height:30px\" aria-hidden=\"true\" class=\"wp-block-spacer d-lg-none\"><\/div>\n","protected":false},"excerpt":{"rendered":"<p>PREGUNTAS FRECUENTES puede encontrar m\u00e1s preguntas aqu\u00ed puede encontrar m\u00e1s preguntas aqu\u00ed<\/p>\n","protected":false},"author":1,"featured_media":0,"parent":6,"menu_order":6,"comment_status":"closed","ping_status":"closed","template":"","meta":[],"featured_image_src":null,"featured_image_src_square":null,"_links":{"self":[{"href":"https:\/\/www.probooking.de\/es\/wp-json\/wp\/v2\/pages\/7"}],"collection":[{"href":"https:\/\/www.probooking.de\/es\/wp-json\/wp\/v2\/pages"}],"about":[{"href":"https:\/\/www.probooking.de\/es\/wp-json\/wp\/v2\/types\/page"}],"author":[{"embeddable":true,"href":"https:\/\/www.probooking.de\/es\/wp-json\/wp\/v2\/users\/1"}],"replies":[{"embeddable":true,"href":"https:\/\/www.probooking.de\/es\/wp-json\/wp\/v2\/comments?post=7"}],"version-history":[{"count":7,"href":"https:\/\/www.probooking.de\/es\/wp-json\/wp\/v2\/pages\/7\/revisions"}],"predecessor-version":[{"id":254,"href":"https:\/\/www.probooking.de\/es\/wp-json\/wp\/v2\/pages\/7\/revisions\/254"}],"up":[{"embeddable":true,"href":"https:\/\/www.probooking.de\/es\/wp-json\/wp\/v2\/pages\/6"}],"wp:attachment":[{"href":"https:\/\/www.probooking.de\/es\/wp-json\/wp\/v2\/media?parent=7"}],"curies":[{"name":"wp","href":"https:\/\/api.w.org\/{rel}","templated":true}]}}